{"id":4695,"date":"2026-02-20T17:28:50","date_gmt":"2026-02-20T15:28:50","guid":{"rendered":"https:\/\/joanlaporta.cat\/?page_id=4695"},"modified":"2026-02-20T17:31:41","modified_gmt":"2026-02-20T15:31:41","slug":"privacy-policy-on-social-networks","status":"publish","type":"page","link":"https:\/\/joanlaporta.cat\/en\/privacy-policy-on-social-networks\/","title":{"rendered":"POL\u00cdTICA DE PRIVACITAT EN XARXES SOCIALS"},"content":{"rendered":"\t\t<div data-elementor-type=\"wp-page\" data-elementor-id=\"4695\" class=\"elementor elementor-4695 elementor-4694\" data-elementor-post-type=\"page\">\n\t\t\t\t<div class=\"elementor-element elementor-element-c50f274 e-flex e-con-boxed sc_layouts_column_icons_position_left e-con e-parent\" data-id=\"c50f274\" data-element_type=\"container\" data-e-type=\"container\">\n\t\t\t\t\t<div class=\"e-con-inner\">\n\t\t\t\t<div class=\"elementor-element elementor-element-0bc4c70 sc_fly_static elementor-widget elementor-widget-heading\" data-id=\"0bc4c70\" data-element_type=\"widget\" data-e-type=\"widget\" data-widget_type=\"heading.default\">\n\t\t\t\t\t<h2 class=\"elementor-heading-title elementor-size-default\">POL\u00cdTICA DE PRIVACITAT EN XARXES SOCIALS <\/h2>\t\t\t\t<\/div>\n\t\t\t\t<div class=\"elementor-element elementor-element-30c5e3c sc_fly_static elementor-widget elementor-widget-text-editor\" data-id=\"30c5e3c\" data-element_type=\"widget\" data-e-type=\"widget\" data-widget_type=\"text-editor.default\">\n\t\t\t\t\t\t\t\t\t<p>De conformitat amb el que estableixen la normativa vigent i aplicable en mat\u00e8ria de protecci\u00f3 de dades de car\u00e0cter personal i la Llei 34\/2002, d\u201911 de juliol, de serveis de la societat de la informaci\u00f3 i de comer\u00e7 electr\u00f2nic (LSSI-CE), ASSOCIACI\u00d3 CANDIDATURA JOAN LAPORTA I JUNTA DIRECTIVA informa els usuaris que ha creat un perfil a la\/les xarxa\/es social\/s Facebook, Instagram, amb la finalitat principal de donar publicitat als seus productes i serveis.<\/p><p>Dades de ASSOCIACI\u00d3 CANDIDATURA JOAN LAPORTA I JUNTA DIRECTIVA:<\/p><ul><li>NIF: G26662841<\/li><li>ADRE\u00c7A POSTAL: DIAGONAL 469 6\u00ba1\u00ba,08036 BARCELONA(BARCELONA)<\/li><li>ADRE\u00c7A ELECTR\u00d2NICA: Joan.dv@joanlaporta.cat<\/li><\/ul><p>\u00a0<\/p><p>L\u2019usuari disposa d\u2019un perfil a la mateixa xarxa social i ha decidit unir-se a la p\u00e0gina creada per ASSOCIACI\u00d3 CANDIDATURA JOAN LAPORTA I JUNTA DIRECTIVA, mostrant aix\u00ed inter\u00e8s en la informaci\u00f3 que aquesta doni a con\u00e8ixer a la xarxa. En unir-se a la nostra p\u00e0gina, l\u2019usuari ens atorga el seu consentiment per al tractament de les dades personals publicades al seu perfil.<\/p><p>L\u2019usuari pot accedir en tot moment a les pol\u00edtiques de privacitat de la mateixa xarxa social, aix\u00ed com configurar el seu perfil per garantir la seva privacitat.<\/p><p>ASSOCIACI\u00d3 CANDIDATURA JOAN LAPORTA I JUNTA DIRECTIVA tracta i t\u00e9 acc\u00e9s a la informaci\u00f3 p\u00fablica de l\u2019usuari, especialment el seu nom de contacte. Aquestes dades nom\u00e9s s\u2019utilitzen a dins de la mateixa xarxa social i no s\u2019incorporen a cap sistema de tractament.<\/p><h2>Drets dels interessats<\/h2><p>Pel que fa als drets d\u2019acc\u00e9s, rectificaci\u00f3, limitaci\u00f3 del tractament, supressi\u00f3, portabilitat i oposici\u00f3 al tractament de les vostres dades de car\u00e0cter personal, dels quals disposeu i que podeu exercir davant de ASSOCIACI\u00d3 CANDIDATURA JOAN LAPORTA I JUNTA DIRECTIVA, d\u2019acord amb el RGPD, cal que tingueu en compte els matisos seg\u00fcents:<\/p><ul><li><strong>Dret d\u2019acc\u00e9s<\/strong>: \u00e9s el dret de l\u2019usuari a obtenir informaci\u00f3 sobre les seves dades de car\u00e0cter personal concretes i sobre el tractament que se n\u2019hagi fet o se\u2019n faci, aix\u00ed com la informaci\u00f3 disponible sobre l\u2019origen d\u2019aquestes dades i les comunicacions que se n\u2019hagin fet o es prevegi fer-ne.<\/li><li><strong>Dret de rectificaci\u00f3<\/strong>: \u00e9s el dret de l\u2019afectat que es modifiquin les dades que resultin ser inexactes o incompletes. Aquest dret nom\u00e9s es pot satisfer amb relaci\u00f3 a aquella informaci\u00f3 que es trobi sota el control de ASSOCIACI\u00d3 CANDIDATURA JOAN LAPORTA I JUNTA DIRECTIVA; per exemple, es poden eliminar comentaris publicats a la mateixa p\u00e0gina i imatges o continguts web en qu\u00e8 apareguin dades de car\u00e0cter personal de l\u2019usuari.<\/li><li><strong>Dret a la limitaci\u00f3 del tractament<\/strong>: \u00e9s el dret que es limitin les finalitats del tractament previstes en origen pel responsable del tractament.<\/li><li><strong>Dret de supressi\u00f3<\/strong>: \u00e9s el dret a suprimir les dades de car\u00e0cter personal de l\u2019usuari, llevat del que estableixin el mateix RGPD o altres normatives aplicables que determinin l\u2019obligatorietat de conservar-les, dintre del termini i en la forma escaients.<\/li><li><strong>Dret de portabilitat<\/strong>: \u00e9s el dret a rebre les dades personals que l\u2019usuari hagi facilitat, en un format estructurat, d\u2019\u00fas com\u00fa i de lectura mec\u00e0nica, i a transmetre-les a un altre responsable.<\/li><li><strong>Dret d\u2019oposici\u00f3<\/strong>: \u00e9s el dret que t\u00e9 l\u2019usuari a exigir que ASSOCIACI\u00d3 CANDIDATURA JOAN LAPORTA I JUNTA DIRECTIVA no tracti les seves dades de car\u00e0cter personal o que posi fi al tractament que en faci.<\/li><\/ul><p>\u00a0<\/p><p>ASSOCIACI\u00d3 CANDIDATURA JOAN LAPORTA I JUNTA DIRECTIVA porta a terme les actuacions seg\u00fcents:<\/p><ul><li>Acc\u00e9s a la informaci\u00f3 p\u00fablica del perfil.<\/li><li>Publicaci\u00f3 al perfil de l\u2019usuari de tota la informaci\u00f3 ja publicada a la p\u00e0gina de ASSOCIACI\u00d3 CANDIDATURA JOAN LAPORTA I JUNTA DIRECTIVA.<\/li><li>Enviament de missatges personals i individuals a trav\u00e9s dels canals de la xarxa social.<\/li><li>Actualitzacions de l\u2019estat de la p\u00e0gina que es publiquin al perfil de l\u2019usuari.<\/li><\/ul><p>L\u2019usuari sempre pot controlar les seves connexions, eliminar els continguts que deixin d\u2019interessar-lo i restringir amb qui comparteix les seves connexions; per fer-ho, cal que accedeixi a la seva configuraci\u00f3 de privacitat.<\/p><h2>Publicacions<\/h2><p>Un cop s\u2019hagi unit a la p\u00e0gina de ASSOCIACI\u00d3 CANDIDATURA JOAN LAPORTA I JUNTA DIRECTIVA, l\u2019usuari podr\u00e0 publicar-hi comentaris, enlla\u00e7os, imatges o fotografies i qualsevol altre tipus de contingut multim\u00e8dia que admeti la xarxa social. L\u2019usuari, en tots els casos, ha de ser el titular d\u2019aquests materials, gaudir dels drets d\u2019autor i de propietat intel\u00b7lectual corresponents o disposar del consentiment dels tercers afectats. Es prohibeix expressament qualsevol publicaci\u00f3 a la p\u00e0gina, sigui del tipus que sigui (textos, gr\u00e0fics, fotografies, v\u00eddeos, etc.), que atempti o pugui atemptar contra la moral, l\u2019\u00e8tica, el bon gust o el dec\u00f2rum i\/o que infringeixi, violi o vulneri els drets de propietat intel\u00b7lectual o industrial, el dret a la imatge o la llei. En aquests casos, ASSOCIACI\u00d3 CANDIDATURA JOAN LAPORTA I JUNTA DIRECTIVA es reserva el dret de retirar immediatament el contingut i de sol\u00b7licitar el bloqueig permanent de l\u2019usuari.<\/p><p>ASSOCIACI\u00d3 CANDIDATURA JOAN LAPORTA I JUNTA DIRECTIVA no es fa responsable dels continguts que lliurement publiqui l\u2019usuari.<\/p><p>L\u2019usuari ha de tenir present que els altres usuaris tindran coneixement de les seves publicacions, per la qual cosa ell mateix \u00e9s el responsable principal de la seva privacitat.<\/p><p>Les imatges que es puguin publicar a la p\u00e0gina no seran emmagatzemades en cap sistema de tractament per ASSOCIACI\u00d3 CANDIDATURA JOAN LAPORTA I JUNTA DIRECTIVA, per\u00f2 s\u00ed que romandran a la xarxa social.<\/p><h2>Concursos i promocions<\/h2><p>ASSOCIACI\u00d3 CANDIDATURA JOAN LAPORTA I JUNTA DIRECTIVA es reserva el dret d\u2019organitzar concursos i promocions, en els quals podran participar tots els usuaris units a la seva p\u00e0gina. Les bases de cadascuna d\u2019aquestes accions, quan per dur-les a terme s\u2019utilitzi la plataforma de la xarxa social, es publicaran a la mateixa xarxa, complint sempre els requisits establerts en la LSSI-CE i en qualsevol altra norma que hi sigui aplicable.<\/p><p>La xarxa social no patrocina, avala ni administra de cap manera cap de les nostres promocions ni hi est\u00e0 associada.<\/p><h2>Publicitat<\/h2><p>ASSOCIACI\u00d3 CANDIDATURA JOAN LAPORTA I JUNTA DIRECTIVA fa servir la xarxa social per donar publicitat als seus productes i serveis. En tot cas, si decideix tractar les dades de contacte de l\u2019usuari per dur a terme accions directes de prospecci\u00f3 comercial, ho far\u00e0 sempre d\u2019acord amb les exig\u00e8ncies legals del RGPD i de la LSSI-CE.<\/p><p>No es considera publicitat el fet de recomanar a altres usuaris la p\u00e0gina de ASSOCIACI\u00d3 CANDIDATURA JOAN LAPORTA I JUNTA DIRECTIVA perqu\u00e8 tamb\u00e9 ells puguin gaudir de les promocions o estar informats de la seva activitat.<\/p><p>Tot seguit facilitem l\u2019enlla\u00e7 a la pol\u00edtica de privacitat de les xarxes socials:<\/p><ul><li>Facebook: <a href=\"https:\/\/www.google.com\/url?q=https:\/\/es-es.facebook.com\/privacy\/explanation&amp;sa=D&amp;source=hangouts&amp;ust=1615296171110000&amp;usg=AFQjCNEg9Kws4_Z7yFDkKauG2CP3GT3nLw\">https:\/\/es<\/a><a href=\"https:\/\/www.google.com\/url?q=https:\/\/es-es.facebook.com\/privacy\/explanation&amp;sa=D&amp;source=hangouts&amp;ust=1615296171110000&amp;usg=AFQjCNEg9Kws4_Z7yFDkKauG2CP3GT3nLw\">&#8211;<\/a><a href=\"https:\/\/www.google.com\/url?q=https:\/\/es-es.facebook.com\/privacy\/explanation&amp;sa=D&amp;source=hangouts&amp;ust=1615296171110000&amp;usg=AFQjCNEg9Kws4_Z7yFDkKauG2CP3GT3nLw\">facebook.com\/privacy\/explanation<\/a><\/li><li>Instagram: <a href=\"http:\/\/instagram.com\/about\/legal\/privacy\/\">http:\/\/instagram.com\/about\/legal\/privacy\/<\/a><\/li><\/ul>\t\t\t\t\t\t\t\t<\/div>\n\t\t\t\t\t<\/div>\n\t\t\t\t<\/div>\n\t\t\t\t<\/div>\n\t\t","protected":false},"excerpt":{"rendered":"<p>POL\u00cdTICA DE PRIVACITAT EN XARXES SOCIALS De conformitat amb el que estableixen la&hellip;<\/p>\n","protected":false},"author":2,"featured_media":0,"parent":0,"menu_order":0,"comment_status":"closed","ping_status":"closed","template":"","meta":{"footnotes":""},"class_list":["post-4695","page","type-page","status-publish","hentry"],"_links":{"self":[{"href":"https:\/\/joanlaporta.cat\/en\/wp-json\/wp\/v2\/pages\/4695","targetHints":{"allow":["GET"]}}],"collection":[{"href":"https:\/\/joanlaporta.cat\/en\/wp-json\/wp\/v2\/pages"}],"about":[{"href":"https:\/\/joanlaporta.cat\/en\/wp-json\/wp\/v2\/types\/page"}],"author":[{"embeddable":true,"href":"https:\/\/joanlaporta.cat\/en\/wp-json\/wp\/v2\/users\/2"}],"replies":[{"embeddable":true,"href":"https:\/\/joanlaporta.cat\/en\/wp-json\/wp\/v2\/comments?post=4695"}],"version-history":[{"count":5,"href":"https:\/\/joanlaporta.cat\/en\/wp-json\/wp\/v2\/pages\/4695\/revisions"}],"predecessor-version":[{"id":4714,"href":"https:\/\/joanlaporta.cat\/en\/wp-json\/wp\/v2\/pages\/4695\/revisions\/4714"}],"wp:attachment":[{"href":"https:\/\/joanlaporta.cat\/en\/wp-json\/wp\/v2\/media?parent=4695"}],"curies":[{"name":"wp","href":"https:\/\/api.w.org\/{rel}","templated":true}]}}