{"id":4225,"date":"2026-02-17T11:11:43","date_gmt":"2026-02-17T09:11:43","guid":{"rendered":"https:\/\/joanlaporta.cat\/politica-de-privacidad\/"},"modified":"2026-02-20T17:27:07","modified_gmt":"2026-02-20T15:27:07","slug":"politica-de-privacidad","status":"publish","type":"page","link":"https:\/\/joanlaporta.cat\/es\/politica-de-privacidad\/","title":{"rendered":"POL\u00cdTICA DE PRIVACIdAd"},"content":{"rendered":"\t\t<div data-elementor-type=\"wp-page\" data-elementor-id=\"4225\" class=\"elementor elementor-4225 elementor-4044\" data-elementor-post-type=\"page\">\n\t\t\t\t<div class=\"elementor-element elementor-element-c50f274 e-flex e-con-boxed sc_layouts_column_icons_position_left e-con e-parent\" data-id=\"c50f274\" data-element_type=\"container\" data-e-type=\"container\">\n\t\t\t\t\t<div class=\"e-con-inner\">\n\t\t\t\t<div class=\"elementor-element elementor-element-0bc4c70 sc_fly_static elementor-widget elementor-widget-heading\" data-id=\"0bc4c70\" data-element_type=\"widget\" data-e-type=\"widget\" data-widget_type=\"heading.default\">\n\t\t\t\t\t<h2 class=\"elementor-heading-title elementor-size-default\">POL\u00cdTICA DE PRIVACITAT<\/h2>\t\t\t\t<\/div>\n\t\t\t\t<div class=\"elementor-element elementor-element-30c5e3c sc_fly_static elementor-widget elementor-widget-text-editor\" data-id=\"30c5e3c\" data-element_type=\"widget\" data-e-type=\"widget\" data-widget_type=\"text-editor.default\">\n\t\t\t\t\t\t\t\t\t<p><strong>Dades del propietari del web:\u00a0 <\/strong><\/p><table width=\"581\"><tbody><tr><td width=\"187\"><strong>RA\u00d3 SOCIAL <\/strong><\/td><td width=\"395\">ASSOCIACI\u00d3 CANDIDATURA JOAN LAPORTA I JUNTA DIRECTIVA<\/td><\/tr><tr><td width=\"187\"><strong>NIF <\/strong><\/td><td width=\"395\">G26662841<\/td><\/tr><tr><td width=\"187\"><strong>DOMINI <\/strong><\/td><td width=\"395\">JOANLAPORTA.CAT<\/td><\/tr><tr><td width=\"187\"><strong>ADRE\u00c7A POSTAL <\/strong><\/td><td width=\"395\">DIAGONAL 469 6\u00ba1\u00ba,08036 BARCELONA(BARCELONA)<\/td><\/tr><tr><td width=\"187\"><strong>ADRE\u00c7A ELECTR\u00d2NICA <\/strong><\/td><td width=\"395\">Joan.dv@joanlaporta.cat<\/td><\/tr><tr><td width=\"187\"><strong>TEL\u00c8FONS\u00a0 <\/strong><\/td><td width=\"395\">678434310<\/td><\/tr><tr><td width=\"187\"><p><strong>N\u00ba REGISTRE \/ DADES <\/strong><\/p><p><strong>ADICIONALS <\/strong><\/p><\/td><td width=\"395\">\u00a0<\/td><\/tr><\/tbody><\/table><h2>Protecci\u00f3 de dades<\/h2><p>De conformitat amb la normativa vigent i aplicable en mat\u00e8ria de protecci\u00f3 de dades de car\u00e0cter personal, us informem que les vostres dades s\u2019incorporaran al sistema de tractament del qual \u00e9s titular ASSOCIACI\u00d3 CANDIDATURA JOAN LAPORTA I JUNTA DIRECTIVA, amb NIF G26662841 i domicili social situat a DIAGONAL 469 6\u00ba1\u00ba,08036 BARCELONA(BARCELONA), i que tot seguit s\u2019enumeren les respectives finalitats, terminis de conservaci\u00f3 i bases legitimadores:<\/p><table width=\"581\"><tbody><tr><td colspan=\"2\" width=\"581\"><strong>TRACTAMENTS EFECTUATS <\/strong><\/td><\/tr><tr><td width=\"112\"><strong>Gesti\u00f3 Formulari web <\/strong><\/td><td width=\"469\"><p><strong>Finalitat<\/strong>: atendre les vostres consultes i\/o sol\u00b7licituds<\/p><p><strong>Termini de conservaci\u00f3<\/strong>: mentre es mantingui el consentiment prestat<\/p><p><strong>Base legitimadora<\/strong>: el consentiment de l\u2019interessat<\/p><p><strong>Tipologia de dades<\/strong>: Dades b\u00e0siques: Nom i cognoms, Adre\u00e7a electr\u00f2nica, adre\u00e7a IP<\/p><p><strong>\u00a0<\/strong><\/p><\/td><\/tr><tr><td width=\"112\"><p><strong>Newsletters <\/strong><\/p><p><strong>\u00a0<\/strong><\/p><\/td><td width=\"469\"><p><strong>Finalitat<\/strong>: Gesti\u00f3 de la subscripci\u00f3 a la newsletter, per a realitzar els enviaments corresponents<\/p><p><strong>Termini de conservaci\u00f3<\/strong>: mentre es mantingui el consentiment prestat<\/p><p><strong>Base legitimadora<\/strong>: el consentiment de l\u2019interessat<\/p><p><strong>Tipologia de dades<\/strong>: Dades b\u00e0siques: Nom i cognoms, Adre\u00e7a electr\u00f2nica<\/p><\/td><\/tr><tr><td width=\"112\"><strong>Accions comercials formulari web\u00a0 <\/strong><\/td><td width=\"469\"><p><strong>Finalitat<\/strong>: Captaci\u00f3, registre i tractament de dades amb finalitats d&#8217;atendre les seves<\/p><p>consultes i\/o sol\u00b7licituds, aix\u00ed com de publicitat i prospecci\u00f3 comercial<\/p><p><strong>Termini de conservaci\u00f3<\/strong>: mentre es mantingui el consentiment prestat<\/p><p><strong>Base legitimadora<\/strong>: el consentiment de l\u2019interessat<\/p><p><strong>Tipologia de dades<\/strong>: Dades b\u00e0siques: Nom i cognoms, Adre\u00e7a electr\u00f2nica<\/p><\/td><\/tr><tr><td width=\"112\"><strong>Gesti\u00f3 usuaris web <\/strong><\/td><td width=\"469\"><p><strong>Finalitat<\/strong>: captaci\u00f3, registre i tractament de dades dels usuaris<\/p><p><strong>Termini de conservaci\u00f3<\/strong>: mentre es mantingui el consentiment prestat, excepte obligaci\u00f3 legal<\/p><p><strong>Base legitimadora<\/strong>: el consentiment de l\u2019interessat<\/p><p><strong>Tipologia de dades<\/strong>: Dades b\u00e0siques: Nom i cognoms, Adre\u00e7a electr\u00f2nica<\/p><\/td><\/tr><tr><td width=\"112\"><strong>Instal<\/strong><strong>\u00b7<\/strong><strong>laci\u00f3 de cookies\u00a0 <\/strong><\/td><td width=\"469\"><p><strong>Finalitat<\/strong>: Gesti\u00f3 i instal\u00b7laci\u00f3 de les cookies<\/p><p><strong>Termini de conservaci\u00f3<\/strong>: mentre es mantingui el consentiment prestat<\/p><\/td><\/tr><tr><td width=\"112\">\u00a0<\/td><td width=\"469\"><p><strong>Base legitimadora<\/strong>: el consentiment de l\u2019interessat<\/p><p><strong>Tipologia de dades<\/strong>: Dades b\u00e0siques: Nom i cognoms, Adre\u00e7a electr\u00f2nica, adre\u00e7a IP<\/p><\/td><\/tr><\/tbody><\/table><h2>Drets dels interessats<\/h2><p>ASSOCIACI\u00d3 CANDIDATURA JOAN LAPORTA I JUNTA DIRECTIVA informa els Usuaris que, podr\u00e0<\/p><p>exercir els drets d&#8217;acc\u00e9s, rectificaci\u00f3, limitaci\u00f3, supressi\u00f3, portabilitat, oposici\u00f3 al tractament de les seves dades de car\u00e0cter personal i el dret a no ser objecte de decisions automatitzades, inclosa l&#8217;elaboraci\u00f3 de perfils, davant el Responsable del Tractament, aix\u00ed com a la retirada del consentiment prestat.<\/p><ul><li><strong>Dret d\u2019acc\u00e9s<\/strong>: \u00c9s el dret de l&#8217;usuari a obtenir confirmaci\u00f3 sobre si s&#8217;estan tractant les seves dades i, en tal cas, les concretes dades personals tractats i la informaci\u00f3 legal del tractament (finalitats, base legitimadora, terminis de conservaci\u00f3, cessions, origen de les dades, etc.)..<\/li><li><strong>Dret de rectificaci\u00f3<\/strong>: \u00c9s el dret de l&#8217;afectat al fet que es modifiquin les dades que resultin ser inexactes o incomplets. En relaci\u00f3 a la p\u00e0gina web, nom\u00e9s podr\u00e0 satisfer-se en relaci\u00f3 a aquella informaci\u00f3 que es trobi sota el control del lloc web, per exemple, eliminar comentaris publicats en la pr\u00f2pia p\u00e0gina, imatges o continguts web on constin dades de car\u00e0cter personal de l&#8217;usuari.<\/li><li><strong>Dret a la limitaci\u00f3 del tractament<\/strong>: \u00c9s el dret al fet que es limitin els fins del tractament previstos de manera original pel responsable del tractament en determinats suposats.<\/li><li><strong>Dret de supressi\u00f3<\/strong>: \u00c9s el dret a suprimir les dades de car\u00e0cter personal de l&#8217;usuari, a excepci\u00f3 del que es preveu en el propi RGPD (llibertat d&#8217;expressi\u00f3 i informaci\u00f3, obligacions de conservaci\u00f3, formulaci\u00f3, exercici o defensa de reclamacions, etc.).<\/li><li><strong>Dret de portabilitat<\/strong>: El dret a rebre les dades personals que l&#8217;usuari hagi facilitat, en un format estructurat, d&#8217;\u00fas com\u00fa i lectura mec\u00e0nica, i a transmetre&#8217;ls a un altre responsable quan el tractament est\u00e0 basat en el consentiment o en l&#8217;execuci\u00f3 d&#8217;un contracte i s&#8217;efectu\u00ef per mitjans automatitzats.<\/li><li><strong>Dret d\u2019oposici\u00f3<\/strong>: \u00c9s el dret de l&#8217;usuari al fet que no es dugui a terme el tractament de les seves dades de car\u00e0cter personal o se cessi el tractament dels mateixos per part del lloc web quan el tractament estigui basat en l&#8217;inter\u00e8s leg\u00edtim o l&#8217;inter\u00e8s p\u00fablic o quan es tracti de tractaments de m\u00e0rqueting directe.<\/li><li><strong>Dret a no ser objecte de decisions automatitzades, inclosa l&#8217;elaboraci\u00f3 de perfils:<\/strong> Quan el tractament no \u00e9s necessari per a la celebraci\u00f3 o execuci\u00f3 d&#8217;un contracte, ni est\u00e0 autoritzada pel Dret de la Uni\u00f3 Europea o dels Estats membres ni es basa en el consentiment, t\u00e9 dret a no ser objecte d&#8217;una decisi\u00f3 basada \u00fanicament en el tractament automatitzat, inclosa l&#8217;elaboraci\u00f3 de perfils, que produeixi efectes jur\u00eddics o l&#8217;afecti significativament de manera similar.<\/li><li><strong>Dret a retirar el consentiment:<\/strong> Per a qualsevol tractament basat en el seu consentiment, t\u00e9 dret a retirar-ho, en qualsevol moment i de manera gratu\u00efta.<\/li><\/ul><p>Per poder exercir qualsevol dels drets pr\u00e8viament descrits, \u00e9s necessari complir els requisits seg\u00fcents:<\/p><ul><li>Cal presentar un escrit a l\u2019adre\u00e7a postal DIAGONAL 469 6\u00ba1\u00ba,08036 BARCELONA(BARCELONA) (a l\u2019atenci\u00f3 de ASSOCIACI\u00d3 CANDIDATURA JOAN LAPORTA I JUNTA DIRECTIVA), o b\u00e9 enviar-lo per correu electr\u00f2nic a Joan.dv@joanlaporta.cat<\/li><\/ul><ul><li>L\u2019escrit tram\u00e8s pel titular de les dades que solliciti l\u2019exercici dels drets ha de complir els requisits legals seg\u00fcents:<ul><li>Haur\u00e0 d&#8217;identificar-se fefaentment i, en el cas que concorrin dubtes sobre la identitat del sollicitant, se li sol\u00b7licitar\u00e0 que esmeni la petici\u00f3 (p. ex. sol\u00b7licitant m\u00e9s informaci\u00f3, com el n\u00famero de DNI, el document del DNI, el correu electr\u00f2nic que va aportar, etc.)<\/li><li>La sollicitud pot realitzar-la el representant, legal o voluntari, quan aquest estigui degudament identificat i autoritzat pel titular de les dades (mitjan\u00e7ant una autoritzaci\u00f3 expressa del titular per a exercir els drets personal\u00edssims regulats en la normativa en mat\u00e8ria de protecci\u00f3 de dades personals).<\/li><li>Petici\u00f3 en qu\u00e8 es concreta la sollicitud (exercici en qu\u00e8 se sol\u00b7licita la informaci\u00f3 a la qual es vol accedir). Si no fa refer\u00e8ncia a un fitxer concret, es facilitar\u00e0 a l\u2019interessat tota la informaci\u00f3 de qu\u00e8 es disposi amb les seves dades de car\u00e0cter personal. Si l\u2019interessat sol\u00b7licita informaci\u00f3 d\u2019un fitxer en concret, nom\u00e9s se li proporcionar\u00e0 la informaci\u00f3 d\u2019aquest fitxer. Si sol\u00b7licita informaci\u00f3 relativa a un tercer, no se li facilitar\u00e0 en cap cas. Si ho sol\u00b7licita per tel\u00e8fon, se li indicar\u00e0 que ho faci per escrit i se l\u2019informar\u00e0 de la manera de fer-ho i de l\u2019adre\u00e7a a la qual ha d\u2019enviar la sol\u00b7licitud. Mai no se li proporcionar\u00e0 informaci\u00f3 per tel\u00e8fon.<\/li><li>Adre\u00e7a postal o electr\u00f2nica a l&#8217;efecte de notificacions. o Documents acreditatius de la petici\u00f3 que formula, en cas que siguin necessaris.<\/li><li>La persona sollicitant ha d&#8217;utilitzar qualsevol mitj\u00e0 que permeti acreditar l&#8217;enviament i la recepci\u00f3 de la sol\u00b7licitud<\/li><\/ul><\/li><\/ul><p>Finalment, us informem que teniu dret a presentar una reclamaci\u00f3 davant de l\u2019Ag\u00e8ncia Espanyola de Protecci\u00f3 de Dades en cas que tingueu coneixement o considereu que un fet pot suposar un incompliment de la normativa aplicable en mat\u00e8ria de protecci\u00f3 de dades.<\/p><p>ASSOCIACI\u00d3 CANDIDATURA JOAN LAPORTA I JUNTA DIRECTIVA es compromet a adoptar les mesures t\u00e8cniques i organitzatives necess\u00e0ries, d\u2019acord amb el nivell de risc que acompanya els tractaments duts a terme i indicats en l\u2019apartat de termes i condicions d\u2019\u00fas, de manera que se\u2019n garanteixi la integritat, la confidencialitat i la disponibilitat.<\/p>\t\t\t\t\t\t\t\t<\/div>\n\t\t\t\t\t<\/div>\n\t\t\t\t<\/div>\n\t\t\t\t<\/div>\n\t\t","protected":false},"excerpt":{"rendered":"<p>POL\u00cdTICA DE PRIVACITAT Dades del propietari del web:\u00a0 RA\u00d3 SOCIAL ASSOCIACI\u00d3 CANDIDATURA JOAN&hellip;<\/p>\n","protected":false},"author":2,"featured_media":0,"parent":0,"menu_order":0,"comment_status":"closed","ping_status":"closed","template":"","meta":{"footnotes":""},"class_list":["post-4225","page","type-page","status-publish","hentry"],"_links":{"self":[{"href":"https:\/\/joanlaporta.cat\/es\/wp-json\/wp\/v2\/pages\/4225","targetHints":{"allow":["GET"]}}],"collection":[{"href":"https:\/\/joanlaporta.cat\/es\/wp-json\/wp\/v2\/pages"}],"about":[{"href":"https:\/\/joanlaporta.cat\/es\/wp-json\/wp\/v2\/types\/page"}],"author":[{"embeddable":true,"href":"https:\/\/joanlaporta.cat\/es\/wp-json\/wp\/v2\/users\/2"}],"replies":[{"embeddable":true,"href":"https:\/\/joanlaporta.cat\/es\/wp-json\/wp\/v2\/comments?post=4225"}],"version-history":[{"count":5,"href":"https:\/\/joanlaporta.cat\/es\/wp-json\/wp\/v2\/pages\/4225\/revisions"}],"predecessor-version":[{"id":4693,"href":"https:\/\/joanlaporta.cat\/es\/wp-json\/wp\/v2\/pages\/4225\/revisions\/4693"}],"wp:attachment":[{"href":"https:\/\/joanlaporta.cat\/es\/wp-json\/wp\/v2\/media?parent=4225"}],"curies":[{"name":"wp","href":"https:\/\/api.w.org\/{rel}","templated":true}]}}