{"id":4727,"date":"2026-02-20T17:38:00","date_gmt":"2026-02-20T15:38:00","guid":{"rendered":"https:\/\/joanlaporta.cat\/?page_id=4727"},"modified":"2026-02-20T17:53:57","modified_gmt":"2026-02-20T15:53:57","slug":"aviso-legal","status":"publish","type":"page","link":"https:\/\/joanlaporta.cat\/es\/aviso-legal\/","title":{"rendered":"AV\u00cdS LEGAL"},"content":{"rendered":"\t\t<div data-elementor-type=\"wp-page\" data-elementor-id=\"4727\" class=\"elementor elementor-4727 elementor-4725\" data-elementor-post-type=\"page\">\n\t\t\t\t<div class=\"elementor-element elementor-element-c50f274 e-flex e-con-boxed sc_layouts_column_icons_position_left e-con e-parent\" data-id=\"c50f274\" data-element_type=\"container\" data-e-type=\"container\">\n\t\t\t\t\t<div class=\"e-con-inner\">\n\t\t\t\t<div class=\"elementor-element elementor-element-0bc4c70 sc_fly_static elementor-widget elementor-widget-heading\" data-id=\"0bc4c70\" data-element_type=\"widget\" data-e-type=\"widget\" data-widget_type=\"heading.default\">\n\t\t\t\t\t<h2 class=\"elementor-heading-title elementor-size-default\">AV\u00cdS LEGAL<\/h2>\t\t\t\t<\/div>\n\t\t\t\t<div class=\"elementor-element elementor-element-30c5e3c sc_fly_static elementor-widget elementor-widget-text-editor\" data-id=\"30c5e3c\" data-element_type=\"widget\" data-e-type=\"widget\" data-widget_type=\"text-editor.default\">\n\t\t\t\t\t\t\t\t\t<h3>Introducci\u00f3<\/h3>\nEn compliment de la Llei 34\/2002, d\u201911 de juliol, de serveis de la societat de la informaci\u00f3 i de comer\u00e7 electr\u00f2nic (LSSI-CE), ASSOCIACI\u00d3 CANDIDATURA JOAN LAPORTA I JUNTA DIRECTIVA informa els usuaris que \u00e9s titular del lloc web. D\u2019acord amb el que exigeix l\u2019article 10 de la Llei esmentada, ASSOCIACI\u00d3 CANDIDATURA JOAN LAPORTA I JUNTA DIRECTIVA informa els usuaris de les dades seg\u00fcents:\n<table width=\"581\">\n<tbody>\n<tr>\n<td width=\"187\"><strong>RA\u00d3 SOCIAL <\/strong><\/td>\n<td width=\"395\">ASSOCIACI\u00d3 CANDIDATURA JOAN LAPORTA I JUNTA DIRECTIVA<\/td>\n<\/tr>\n<tr>\n<td width=\"187\"><strong>NIF <\/strong><\/td>\n<td width=\"395\">G26662841<\/td>\n<\/tr>\n<tr>\n<td width=\"187\"><strong>DOMINI <\/strong><\/td>\n<td width=\"395\">JOANLAPORTA.CAT<\/td>\n<\/tr>\n<tr>\n<td width=\"187\"><strong>ADRE\u00c7A POSTAL <\/strong><\/td>\n<td width=\"395\">DIAGONAL 469 6\u00ba1\u00ba,08036 BARCELONA(BARCELONA)<\/td>\n<\/tr>\n<tr>\n<td width=\"187\"><strong>ADRE\u00c7A ELECTR\u00d2NICA <\/strong><\/td>\n<td width=\"395\">Joan.dv@joanlaporta.cat<\/td>\n<\/tr>\n<tr>\n<td width=\"187\"><strong>TEL\u00c8FONS\u00a0 <\/strong><\/td>\n<td width=\"395\">678434310<\/td>\n<\/tr>\n<tr>\n<td width=\"187\"><strong>N\u00ba REGISTRE \/ DADES <\/strong>\n\n<strong>ADICIONALS <\/strong><\/td>\n<td width=\"395\">&nbsp;<\/td>\n<\/tr>\n<\/tbody>\n<\/table>\n&nbsp;\n<h3>Usuari i r\u00e8gim de responsabilitats<\/h3>\nLa navegaci\u00f3, l\u2019acc\u00e9s i l\u2019\u00fas pel lloc web de ASSOCIACI\u00d3 CANDIDATURA JOAN LAPORTA I JUNTA DIRECTIVA confereix la condici\u00f3 d\u2019usuari.\n\n&nbsp;\n\nEl lloc web de ASSOCIACI\u00d3 CANDIDATURA JOAN LAPORTA I JUNTA DIRECTIVA proporciona una\n\ngran diversitat d\u2019informaci\u00f3, serveis i dades. L\u2019usuari assumeix la responsabilitat d\u2019un \u00fas correcte del lloc web. Aquesta responsabilitat s\u2019est\u00e9n als aspectes seg\u00fcents:\n\n&nbsp;\n<ul>\n \t<li>La veracitat i licitud de les informacions aportades per l\u2019usuari en els formularis facilitats per ASSOCIACI\u00d3 CANDIDATURA JOAN LAPORTA I JUNTA DIRECTIVA per accedir a certs continguts o serveis oferts pel web.<\/li>\n \t<li>Qualsevol \u00fas de la informaci\u00f3, els serveis i les dades oferts per ASSOCIACI\u00d3 CANDIDATURA JOAN LAPORTA I JUNTA DIRECTIVA que sigui contrari a les presents condicions, a la llei, a la moral, als bons costums o a l\u2019ordre p\u00fablic o que pugui suposar, de qualsevol altra manera, una lesi\u00f3 dels drets de tercers o del mateix funcionament del lloc web.<\/li>\n<\/ul>\nPol\u00edtica d\u2019enlla\u00e7os i exempcions de responsabilitat\n\nASSOCIACI\u00d3 CANDIDATURA JOAN LAPORTA I JUNTA DIRECTIVA no es fa responsable del contingut dels llocs web als quals l\u2019usuari pugui accedir a trav\u00e9s dels enlla\u00e7os establerts al seu lloc web, sempre que no tingui coneixement efectiu que l&#8217;activitat o la informaci\u00f3 a la qual remitent o recomana \u00e9s il\u00b7l\u00edcita o que lesiona b\u00e9ns o drets d&#8217;un tercer susceptibles d&#8217;indemnitzaci\u00f3, o, en cas de tenir-ho, actu\u00ef amb dilig\u00e8ncia per a suprimir o inutilitzar l&#8217;enlla\u00e7 corresponent.\n\nS&#8217;entendr\u00e0 que ASSOCIACI\u00d3 CANDIDATURA JOAN LAPORTA I JUNTA DIRECTIVA t\u00e9 el coneixement efectiu a qu\u00e8 es refereix el par\u00e0graf anterior quan un \u00f2rgan competent hagi declarat la il\u00b7licitud de les dades, ordenat la seva retirada o que s&#8217;impossibiliti l&#8217;acc\u00e9s a aquests, o s&#8217;hagu\u00e9s declarat l&#8217;exist\u00e8ncia de la lesi\u00f3, i ASSOCIACI\u00d3 CANDIDATURA JOAN LAPORTA I JUNTA DIRECTIVA conegu\u00e9s la corresponent resoluci\u00f3, sense perjudici dels procediments de detecci\u00f3 i retirada de continguts que ASSOCIACI\u00d3 CANDIDATURA JOAN LAPORTA I JUNTA DIRECTIVA aplicaci\u00f3 en virtut d&#8217;acords voluntaris i d&#8217;altres mitjans de coneixement efectiu que poguessin establir-se\n\nASSOCIACI\u00d3 CANDIDATURA JOAN LAPORTA I JUNTA DIRECTIVA declara haver adoptat totes les mesures necess\u00e0ries per evitar qualsevol dany als usuaris del seu lloc web que es puguin derivar de la navegaci\u00f3 per aquest. En conseq\u00fc\u00e8ncia, ASSOCIACI\u00d3 CANDIDATURA JOAN LAPORTA I JUNTA\n\nDIRECTIVA no es fa responsable en cap cas dels danys eventuals que l\u2019usuari pugui patir navegant per Internet. Aix\u00ed mateix, tampoc garantir\u00e0 la disponibilitat t\u00e8cnica, exactitud, veracitat, validesa o legalitat de llocs aliens a la seva propietat als quals es pugui accedir per mitj\u00e0 dels enlla\u00e7os.\n<h3>Modificacions<\/h3>\nASSOCIACI\u00d3 CANDIDATURA JOAN LAPORTA I JUNTA DIRECTIVA es reserva la facultat d&#8217;efectuar, en qualsevol moment i sense necessitat de previ av\u00eds, modificacions i actualitzacions de la informaci\u00f3 continguda en el seu lloc web o en la configuraci\u00f3 i presentaci\u00f3 d&#8217;aquesta. A fi de mantenir actualitzada la informaci\u00f3 publicada, els continguts del mateix podran ser modificats, corregits, eliminats o afegits en qualsevol moment, per qualsevol forma admissible en dret\n<h3>Indicaci\u00f3 de preus<\/h3>\nEn cas que es mostrin preus de productes i\/o serveis, els indicats en pantalla seran els vigents a cada moment. Els preus seran indicats en euros i tindran incorporat l&#8217;Impost sobre el Valor Afegit (IVA). En cas que no s&#8217;incorpori l&#8217;IVA en el preu, s&#8217;indicar\u00e0 de manera expressa i es permetr\u00e0 a l&#8217;usuari visualitzar el preu final complet.\n\nAix\u00ed mateix, si fos aplicable qualsevol altre impost, aix\u00ed s&#8217;indicaria, incloent, en el seu cas, l&#8217;import dels increments o descomptes que siguin aplicable a l&#8217;oferta i les despeses addicionals que puguin repercutir al consumidor o usuari.\n<h3>Propietat intel\u00b7lectual i industrial<\/h3>\nASSOCIACI\u00d3 CANDIDATURA JOAN LAPORTA I JUNTA DIRECTIVA, per si mateixa o com a cession\u00e0ria, \u00e9s titular de tots els drets de propietat intel\u00b7lectual i industrial del seu web, aix\u00ed com dels elements continguts en aquest (a t\u00edtol enunciatiu, imatges, so, \u00e0udio, v\u00eddeo, software o textos, marques o logotips, combinacions de colors, estructura i disseny, selecci\u00f3 de materials emprats, programes d\u2019ordinador necessaris per al seu funcionament, acc\u00e9s i \u00fas, etc.) que s\u00f3n de titularitat de ASSOCIACI\u00d3 CANDIDATURA JOAN LAPORTA I JUNTA DIRECTIVA. Es tracta, per tant, d\u2019obres protegides com a propietat intel\u00b7lectual per l\u2019ordenament jur\u00eddic espanyol i, en conseq\u00fc\u00e8ncia, els s\u00f3n aplicables tant la normativa espanyola i comunit\u00e0ria en aquest camp com els tractats internacionals relatius a la mat\u00e8ria i subscrits per Espanya.\n\nTots els drets reservats. En virtut del que disposa la Llei de propietat intel\u00b7lectual, queden expressament prohibides la reproducci\u00f3, la distribuci\u00f3 i la comunicaci\u00f3 p\u00fablica, inclosa la que es faci en la modalitat de posada a disposici\u00f3, de la totalitat o qualsevol part dels continguts d\u2019aquest web amb finalitats comercials, en qualsevol suport i per qualsevol mitj\u00e0 t\u00e8cnic, sense l\u2019autoritzaci\u00f3 de ASSOCIACI\u00d3 CANDIDATURA JOAN LAPORTA I JUNTA DIRECTIVA.\n\nL\u2019usuari es compromet a respectar els drets de propietat intel\u00b7lectual i industrial dels quals \u00e9s titular ASSOCIACI\u00d3 CANDIDATURA JOAN LAPORTA I JUNTA DIRECTIVA. Pot visualitzar els elements del portal, i fins i tot imprimir-los, copiar-los i emmagatzemar-los al disc dur del seu ordinador o en qualsevol altre suport f\u00edsic, sempre que sigui \u00fanicament i exclusivament per al seu \u00fas personal i privat. L\u2019usuari s\u2019ha d\u2019abstenir de suprimir, alterar, eludir o manipular qualsevol dispositiu de protecci\u00f3 o sistema de seguretat instal\u00b7lat a les p\u00e0gines de ASSOCIACI\u00d3 CANDIDATURA JOAN LAPORTA I JUNTA DIRECTIVA.\n<h3>Accions legals, legislaci\u00f3 aplicable i jurisdicci\u00f3<\/h3>\nSi l&#8217;usuari desitja presentar una reclamaci\u00f3, haur\u00e0 de contactar mitjan\u00e7ant el correu electr\u00f2nic\n\nJoan.dv@joanlaporta.cat. Aix\u00ed mateix, ASSOCIACI\u00d3 CANDIDATURA JOAN LAPORTA I JUNTA\n\nDIRECTIVA disposa de fulles oficials de reclamaci\u00f3 a la disposici\u00f3 dels consumidors i usuaris ASSOCIACI\u00d3 CANDIDATURA JOAN LAPORTA I JUNTA DIRECTIVA es reserva la facultat d\u2019exercir les accions civils o penals que consideri oportunes per un \u00fas indegut del seu lloc web i continguts o per l\u2019incompliment de les presents condicions.\n\nLa relaci\u00f3 entre l\u2019usuari i el prestador es regeix per la normativa vigent i aplicable en territori espanyol. En cas que sorgeixi qualsevol controv\u00e8rsia, les parts poden sotmetre el conflicte a arbitratge o acudir a la jurisdicci\u00f3 ordin\u00e0ria, complint amb aquest fi les normes sobre jurisdicci\u00f3 i compet\u00e8ncia oportunes.\t\t\t\t\t\t\t\t<\/div>\n\t\t\t\t\t<\/div>\n\t\t\t\t<\/div>\n\t\t\t\t<\/div>\n\t\t","protected":false},"excerpt":{"rendered":"<p>AV\u00cdS LEGAL Introducci\u00f3 En compliment de la Llei 34\/2002, d\u201911 de juliol, de&hellip;<\/p>\n","protected":false},"author":2,"featured_media":0,"parent":0,"menu_order":0,"comment_status":"closed","ping_status":"closed","template":"","meta":{"footnotes":""},"class_list":["post-4727","page","type-page","status-publish","hentry"],"_links":{"self":[{"href":"https:\/\/joanlaporta.cat\/es\/wp-json\/wp\/v2\/pages\/4727","targetHints":{"allow":["GET"]}}],"collection":[{"href":"https:\/\/joanlaporta.cat\/es\/wp-json\/wp\/v2\/pages"}],"about":[{"href":"https:\/\/joanlaporta.cat\/es\/wp-json\/wp\/v2\/types\/page"}],"author":[{"embeddable":true,"href":"https:\/\/joanlaporta.cat\/es\/wp-json\/wp\/v2\/users\/2"}],"replies":[{"embeddable":true,"href":"https:\/\/joanlaporta.cat\/es\/wp-json\/wp\/v2\/comments?post=4727"}],"version-history":[{"count":5,"href":"https:\/\/joanlaporta.cat\/es\/wp-json\/wp\/v2\/pages\/4727\/revisions"}],"predecessor-version":[{"id":4742,"href":"https:\/\/joanlaporta.cat\/es\/wp-json\/wp\/v2\/pages\/4727\/revisions\/4742"}],"wp:attachment":[{"href":"https:\/\/joanlaporta.cat\/es\/wp-json\/wp\/v2\/media?parent=4727"}],"curies":[{"name":"wp","href":"https:\/\/api.w.org\/{rel}","templated":true}]}}